{"id":129,"date":"2026-02-16T14:57:20","date_gmt":"2026-02-16T14:57:20","guid":{"rendered":"https:\/\/www.awohl.de\/wordpress\/?page_id=129"},"modified":"2026-02-24T10:05:26","modified_gmt":"2026-02-24T10:05:26","slug":"impressum","status":"publish","type":"page","link":"https:\/\/www.awohl.de\/wordpress\/impressum\/","title":{"rendered":"Impressum"},"content":{"rendered":"\n<p><strong>Angaben gem\u00e4\u00df \u00a7 5 DDG:<\/strong><br><br><\/p>\n\n\n\n<div class=\"wp-block-group is-nowrap is-layout-flex wp-container-core-group-is-layout-6c531013 wp-block-group-is-layout-flex\">\nInhaber*in:<\/br><\/br>\n\nAndreas Wohlschl\u00e4ger<\/br>\nBitterfelder Stra\u00dfe 20<font style=\"color:white\">19<\/font>\n<\/div>\n\n\n\n<div class=\"wp-block-group is-nowrap is-layout-flex wp-container-core-group-is-layout-6c531013 wp-block-group-is-layout-flex\">\n<b>04509<font style=\"color:white\">1<\/font> L\u00f6bnitz<\/b>\n<\/div>\n\n\n\n\n\n\n\n<div class=\"wp-block-group is-nowrap is-layout-flex wp-container-core-group-is-layout-6c531013 wp-block-group-is-layout-flex\">\nDeutschland<\/br><\/br>\n<\/div>\n\n\n\n<p><\/p>\n\n\n\n<p><strong>Kontakt:<\/strong><\/p>\n\n\n\n<div class=\"wp-block-group is-nowrap is-layout-flex wp-container-core-group-is-layout-6c531013 wp-block-group-is-layout-flex\">\n<nobr>Tel.: +49 (0) 34208 70108<font style=\"color:white\">796<\/font><\/nobr>\n<\/div>\n\n\n\n\n\n\n\n<div class=\"wp-block-group is-nowrap is-layout-flex wp-container-core-group-is-layout-6c531013 wp-block-group-is-layout-flex\">\nE-Mail: <span \n                data-original-string='22GnNr5\/KVqC81Le5Ruezg==c13jLPfFJ9dpVCOrru9IFeJ5lAs9xpZIlqpscFbFcfVAUI='\n                class='apbct-email-encoder'\n                title='Dieser Kontakt wurde von Anti-Spam by CleanTalk verschl\u00fcsselt. Klicken Sie hier, um ihn zu entschl\u00fcsseln. Um die Entschl\u00fcsselung abzuschlie\u00dfen, stellen Sie sicher, dass JavaScript in Ihrem Browser aktiviert ist.'>ha<span class=\"apbct-blur\">****************<\/span>@<span class=\"apbct-blur\">**<\/span>ck.com<\/span><font style=\"color: white\">xxx<\/font>\n<\/div>\n\n\n\n\n\n<p><br><br>Umsatzsteuer-Identifikationsnummer: DE227728128<br><\/p>\n\n\n\n<p><br><strong>Verantwortlich f\u00fcr redaktionelle Inhalte (\u00a7 18 Abs. 2 MStV):<\/strong><\/p>\n\n\n\n<div class=\"wp-block-group is-layout-flex wp-block-group-is-layout-flex\">\nAndreas Wohlschl\u00e4ger<\/br>\nBitterfelder Stra\u00dfe 20<\/br><font style=\"color:white\">19<\/font>\n<\/div>\n\n\n\n<div class=\"wp-block-group is-nowrap is-layout-flex wp-container-core-group-is-layout-6c531013 wp-block-group-is-layout-flex\">\n<b>04509<font style=\"color:white\">1<\/font> L\u00f6bnitz<\/b>\n<\/div>\n\n\n\n<p><\/p>\n\n\n\n<p><br>WEEE-Reg.-Nr.: XXXXXXXXXXX<\/p>\n\n\n\n<p><\/p>\n\n\n\n<p><strong>Verbraucherstreitbeilegung (\u00a7 36 VSBG):<\/strong><\/p>\n\n\n\n<p><br>Wir sind nicht bereit und nicht verpflichtet, an Streitbeilegungsverfahren vor einer Verbraucherschlichtungsstelle teilzunehmen. <\/p>\n\n\n\n<p>Wir ziehen es vor, Probleme direkt und einvernehmlich mit dem Kunden beizulegen.<\/p>\n\n\n\n<p>( e<em>rstellt unter Zuhilfenahme des Impressum-Generators von f\u00fcr-gr\u00fcnder.de<\/em> )<\/p>\n\n\n\n<hr class=\"wp-block-separator has-alpha-channel-opacity is-style-wide\"\/>\n\n\n\n<p><strong>Keine Abmahnung ohne vorherigen Kontakt! Sollte der Inhalt oder die Aufmachung dieser Seiten fremde Rechte Dritter oder gesetzliche Bestimmungen verletzen, so bitten wir um eine entsprechende Nachricht ohne Kostennote. Wir garantieren, dass die zu Recht beanstandeten Passagen unverz\u00fcglich entfernt werden. Hierzu ist keine Einschaltung eines Rechtsbeistandes Ihrerseits erforderlich. Dennoch von Ihnen ohne vorherige Kontaktaufnahme ausgel\u00f6ste Kosten werden wir vollumf\u00e4nglich zur\u00fcckweisen. Gegebenenfalls behalten wir uns Gegenklage wegen Verletzung vorgenannter Bestimmungen vor.<\/strong><\/p>\n\n\n\n<p><strong>Es wird ausdr\u00fccklich auf UWG \u00a78 verwiesen.<\/strong><\/p>\n\n\n\n<pre class=\"wp-block-preformatted\"><br><br><br><br><br><br><br><br><br><\/pre>\n","protected":false},"excerpt":{"rendered":"<p>Angaben gem\u00e4\u00df \u00a7 5 DDG: Inhaber*in: Andreas Wohlschl\u00e4ger Bitterfelder Stra\u00dfe 2019 045091 L\u00f6bnitz Deutschland Kontakt: Tel.: +49 (0) 34208 70108796 E-Mail: ha****************@**ck.comxxx Umsatzsteuer-Identifikationsnummer: DE227728128 Verantwortlich f\u00fcr redaktionelle Inhalte (\u00a7 18 Abs. 2 MStV): Andreas Wohlschl\u00e4ger Bitterfelder Stra\u00dfe 2019 045091 L\u00f6bnitz WEEE-Reg.-Nr.: XXXXXXXXXXX Verbraucherstreitbeilegung (\u00a7 36 VSBG): Wir sind nicht bereit und nicht verpflichtet, an Streitbeilegungsverfahren [&hellip;]<\/p>\n","protected":false},"author":1,"featured_media":0,"parent":0,"menu_order":0,"comment_status":"closed","ping_status":"closed","template":"","meta":{"footnotes":""},"class_list":["post-129","page","type-page","status-publish","hentry"],"aioseo_notices":[],"_links":{"self":[{"href":"https:\/\/www.awohl.de\/wordpress\/wp-json\/wp\/v2\/pages\/129","targetHints":{"allow":["GET"]}}],"collection":[{"href":"https:\/\/www.awohl.de\/wordpress\/wp-json\/wp\/v2\/pages"}],"about":[{"href":"https:\/\/www.awohl.de\/wordpress\/wp-json\/wp\/v2\/types\/page"}],"author":[{"embeddable":true,"href":"https:\/\/www.awohl.de\/wordpress\/wp-json\/wp\/v2\/users\/1"}],"replies":[{"embeddable":true,"href":"https:\/\/www.awohl.de\/wordpress\/wp-json\/wp\/v2\/comments?post=129"}],"version-history":[{"count":54,"href":"https:\/\/www.awohl.de\/wordpress\/wp-json\/wp\/v2\/pages\/129\/revisions"}],"predecessor-version":[{"id":277,"href":"https:\/\/www.awohl.de\/wordpress\/wp-json\/wp\/v2\/pages\/129\/revisions\/277"}],"wp:attachment":[{"href":"https:\/\/www.awohl.de\/wordpress\/wp-json\/wp\/v2\/media?parent=129"}],"curies":[{"name":"wp","href":"https:\/\/api.w.org\/{rel}","templated":true}]}}