

{"id":14,"date":"2026-02-13T15:43:06","date_gmt":"2026-02-13T15:43:06","guid":{"rendered":"https:\/\/www.awohl.de\/wordpress\/?page_id=14"},"modified":"2026-02-20T09:18:19","modified_gmt":"2026-02-20T09:18:19","slug":"anfahrt","status":"publish","type":"page","link":"https:\/\/www.awohl.de\/wordpress\/anfahrt\/","title":{"rendered":"Anfahrt"},"content":{"rendered":"\n<p>Sie sehen unten die Lage unseres B\u00fcros. Vor dem B\u00fcro sind Parkm\u00f6glichkeiten vorhanden.<\/p>\n\n\n\n<p>Zur genaueren Orientierung haben Sie M\u00f6glichkeit mit den +\/- &#8211; Schaltern auf der linken Seite in der Abbildung zu zoomen. Ggf. k\u00f6nnen Sie den Bildausschnitt bei gedr\u00fcckter Maustaste verschieben.<\/p>\n\n\n\n<p>Wenn Sie Vorort-Service w\u00fcnschen oder Ihnen eine Anfahrt nicht m\u00f6glich ist, so vereinbaren Sie mit uns gerne einen Vorort-Termin.<\/p>\n\n\n\n\n        <div id=\"map_ol3js_1\"\n             class=\"map undefined\"\n             data-map_name=\"undefined\"\n             data-map=\"map_ol3js_1\"\n             style=\"width:70%;\n                    max-width:100%;\n                    height:450px;\n                    display:block;\n                    overflow:hidden;\n                    border:2px solid grey;\">\n          <div id=\"map_ol3js_1_popup\" class=\"ol-popup\">\n            <a href=\"#\" id=\"map_ol3js_1_popup-closer\" class=\"ol-popup-closer\"><\/a>\n            <div id=\"map_ol3js_1_popup-content\"><\/div>\n          <\/div>\n        <\/div>\n    \n\n\t\t\t\t<script type=\"text\/javascript\">\n\t\t\t\t\ttranslations['openlayer'] = \"open layer\";\n\t\t\t\t\ttranslations['openlayerAtStartup'] = \"open layer at startup\";\n\t\t\t\t\ttranslations['generateLink'] = \"Der Link zur Karte mit ausgew\u00e4hlten Overlays und angezeigtem Ausschnitt\";\n\t\t\t\t\ttranslations['shortDescription'] = \"Kurzbeschreibung\";\n\t\t\t\t\ttranslations['generatedShortCode'] = \"to get a text control link paste this code in your wordpress editor\";\n\t\t\t\t\ttranslations['closeLayer'] = \"close layer\";\n\t\t\t\t\ttranslations['cantGenerateLink'] = \"put this string in the existing map short code to control this map\";\n\t\t\t  <\/script>\n\n\n\t\t\t  <script type=\"text\/javascript\">\n\t\t\t  vectorM['map_ol3js_1'] = [];\n\t        \n        var raster = getTileLayer(\"osm\",\"NoKey\");\t\t\t\n\n\t\t\t  var map_ol3js_1 = new ol.Map({\n\t\t\t\tinteractions: ol.interaction.defaults.defaults({mouseWheelZoom:false}),\n\t\t\t\tlayers: [raster],\n\t\t\t\ttarget: \"map_ol3js_1\",\n\t\t\t\tview: new ol.View({\n\t\t\t\t  center: ol.proj.transform([12.4607,51.5922], \"EPSG:4326\", \"EPSG:3857\"),\n\t\t\t\t  zoom: 12.0\n\t\t\t\t})\n\t\t\t  });\n\t\t\t  osm_addMarkerLayer(map_ol3js_1,12.4607,51.5922,\"https:\/\/www.awohl.de\/wordpress\/wp-content\/plugins\/osm\/icons\/mic_blue_empty_01.png\",-16,-41,\"<p><\/p>\") ; \naddControls2Map(map_ol3js_1,0,0,3,0,5,6,7,0,1);\nosm_addPopupClickhandler(map_ol3js_1,  \"map_ol3js_1\"); \nosm_addMouseHover(map_ol3js_1); <\/script>\n\n\n\n<details class=\"wp-block-details is-layout-flow wp-block-details-is-layout-flow\"><summary><\/summary><\/details>\n\n\n\n<p><\/p>\n","protected":false},"excerpt":{"rendered":"<p>Sie sehen unten die Lage unseres B\u00fcros. Vor dem B\u00fcro sind Parkm\u00f6glichkeiten vorhanden. Zur genaueren Orientierung haben Sie M\u00f6glichkeit mit den +\/- &#8211; Schaltern auf der linken Seite in der Abbildung zu zoomen. Ggf. k\u00f6nnen Sie den Bildausschnitt bei gedr\u00fcckter Maustaste verschieben. Wenn Sie Vorort-Service w\u00fcnschen oder Ihnen eine Anfahrt nicht m\u00f6glich ist, so vereinbaren [&hellip;]<\/p>\n","protected":false},"author":1,"featured_media":0,"parent":0,"menu_order":0,"comment_status":"closed","ping_status":"closed","template":"","meta":{"footnotes":""},"class_list":["post-14","page","type-page","status-publish","hentry"],"aioseo_notices":[],"_links":{"self":[{"href":"https:\/\/www.awohl.de\/wordpress\/wp-json\/wp\/v2\/pages\/14","targetHints":{"allow":["GET"]}}],"collection":[{"href":"https:\/\/www.awohl.de\/wordpress\/wp-json\/wp\/v2\/pages"}],"about":[{"href":"https:\/\/www.awohl.de\/wordpress\/wp-json\/wp\/v2\/types\/page"}],"author":[{"embeddable":true,"href":"https:\/\/www.awohl.de\/wordpress\/wp-json\/wp\/v2\/users\/1"}],"replies":[{"embeddable":true,"href":"https:\/\/www.awohl.de\/wordpress\/wp-json\/wp\/v2\/comments?post=14"}],"version-history":[{"count":11,"href":"https:\/\/www.awohl.de\/wordpress\/wp-json\/wp\/v2\/pages\/14\/revisions"}],"predecessor-version":[{"id":271,"href":"https:\/\/www.awohl.de\/wordpress\/wp-json\/wp\/v2\/pages\/14\/revisions\/271"}],"wp:attachment":[{"href":"https:\/\/www.awohl.de\/wordpress\/wp-json\/wp\/v2\/media?parent=14"}],"curies":[{"name":"wp","href":"https:\/\/api.w.org\/{rel}","templated":true}]}}