{"id":186,"date":"2026-02-17T09:39:50","date_gmt":"2026-02-17T09:39:50","guid":{"rendered":"https:\/\/www.awohl.de\/wordpress\/?page_id=186"},"modified":"2026-02-20T09:12:09","modified_gmt":"2026-02-20T09:12:09","slug":"agb","status":"publish","type":"page","link":"https:\/\/www.awohl.de\/wordpress\/agb\/","title":{"rendered":"AGB"},"content":{"rendered":"\n<h4 class=\"wp-block-heading\">Allgemeine Gesch\u00e4ftsbedingungen (AGB) des Computerdienstes Wohlschl\u00e4ger, Bitterfelder Stra\u00dfe 20, 04509 L\u00f6bnitz<\/h4>\n\n\n\n<h4 class=\"wp-block-heading\">1. Allgemeine Bedingungen<\/h4>\n\n\n\n<p>F\u00fcr Angebote und Lieferungen gelten ausschlie\u00dflich die Gesch\u00e4ftsbedingungen der Firma Computerdienst Andreas Wohlschl\u00e4ger. Der K\u00e4ufer erkennt diese AGBs mit Erteilung seines Auftrages an. In jedem Falle gilt die die Annahme der Leistung als Anerkennung der vorliegenden AGBs, auch wenn der K\u00e4ufer im Schriftverkehr andere Bedingungen genannt hat. M\u00fcndliche Nebenvereinbarungen bed\u00fcrfen der Schriftform, rechtliche Unwirksamkeit einzelner Vertragsteile ber\u00fchrt die G\u00fcltigkeit der \u00fcbrigen Vertragsteile nicht.<\/p>\n\n\n\n<h4 class=\"wp-block-heading\">2. Angebot<\/h4>\n\n\n\n<p>Alle Angebote des Computerdienstes Andreas Wohlschl\u00e4ger sind freibleibend bis zur schriftlichen Auftragsannahme, sofern nicht anders im Angebot vermerkt. Insbesondere bei Einzelanfertigung beh\u00e4lt sich der Computerdienst Andreas Wohlschl\u00e4ger technische \u00c4nderungen vor.<\/p>\n\n\n\n<h4 class=\"wp-block-heading\">3. Patent- und Urheberrechte<\/h4>\n\n\n\n<p>An Design, Algorithmen, Schaltschemata, Zeichnungen, Entw\u00fcrfen, Beschreibungen, der gesamten Software und \u00e4hnlichen Unterlagen beh\u00e4lt sich der Computerdienst Andreas Wohlschl\u00e4ger das Eigentum und Urheberrecht vor. Ohne schriftliche Einwilligung d\u00fcrfen diese Dritten nicht zug\u00e4nglich gemacht werden. Das Kopieren ist ohne ausdr\u00fcckliche Einwilligung des Computerdienstes Andreas Wohlschl\u00e4ger ebenfalls untersagt. Auf Verlangen hin sind diese unverz\u00fcglich zur\u00fcckzugeben. F\u00fcr die Verletzung etwaiger Patent- oder sonstigen Schutzrechte kann der Computerdienst Andreas Wohlschl\u00e4ger nicht haftbar gemacht werden.<\/p>\n\n\n\n<h4 class=\"wp-block-heading\">4. Lieferung<\/h4>\n\n\n\n<p>Der Computerdienst Andreas Wohlschl\u00e4ger wird sich nach Kr\u00e4ften bem\u00fchen, Terminw\u00fcnsche des Kunden nachzukommen. Lieferfristen sind verbindlich, wenn sie schriftlich zugesagt wurden. Sie beginnen erst nach vollst\u00e4ndiger Kl\u00e4rung der f\u00fcr die Ausf\u00fchrung des Auftrages ma\u00dfgeblich technischen und kaufm\u00e4nnischen Einzelheiten und rechtzeitigen Erbringung der Leistungen des Kunden. <\/p>\n\n\n\n<p>Lieferverzug setzt schriftliche Mahnung des K\u00e4ufers voraus. Im Falle einer \u00dcberschreitung von verbindlich zugesagten Terminen ist der Kunde nach fruchtlosem Ablauf einer schriftlich zu setzenden angemessenen (mindestens 3-w\u00f6chigen) Nachfrist zum R\u00fccktritt vom Vertrag berechtigt. F\u00fcr den durch Verzug von Computerdienst Andreas Wohlschl\u00e4ger entstandenen Verz\u00f6gerungsschaden wird bei leichter Fahrl\u00e4ssigkeit nur f\u00fcr einen Zinsverlust bis zu einer H\u00f6he von 100,- \u20ac, im \u00fcbrigen ebenso wie bei anderen Vertragsverletzungen nur bei Vorsatz und grober Fahrl\u00e4ssigkeit gehaftet. Die Haftung f\u00fcr mittelbare Sch\u00e4den ist ausgeschlossen. <\/p>\n\n\n\n<p>Der R\u00fccktritt vom Erwerb einer eigens anzufertigenden Sache verpflichtet den K\u00e4ufer zur Erstattung der bis zum Zeitpunkt des R\u00fccktritts bereits entstandenen und nicht weiter ver\u00e4u\u00dferbaren Teile sowie aller Kosten. Die Lieferung kann durch Beschaffungs- oder Fabrikationsst\u00f6rungen sowie durch Eintritt h\u00f6herer Gewalt verz\u00f6gern. Wird die geschuldete Leistung versendet, so erfolgt der Gefahren\u00fcbergang beim Versand. Transportversicherung ist Sache des K\u00e4ufers, kann jedoch durch den Computerdienst Andreas Wohlschl\u00e4ger veranla\u00dft werden.<\/p>\n\n\n\n<h4 class=\"wp-block-heading\">5. Preise und Zahlungsweise<\/h4>\n\n\n\n<p>Die im Angebot genannten Preise sind freibleibend und verstehen sich immer zus\u00e4tzlich der gesetzlichen Mehrwertsteuer, soweit nicht im Angebot anders ausgewiesen. Rechnungen des Computerdienstes Andreas Wohlschl\u00e4ger sind f\u00e4llig und zahlbar bis zum angegebenen Zahlungstermin. \u00c4nderungen, die nicht durch den Computerdienst Andreas Wohlschl\u00e4ger schriftlich best\u00e4tigt sind, sind ung\u00fcltig und bedingen ggf. eine Nachzahlung. Zahlungen gelten erst dann dann als geleistet, wenn der Computerdienst Andreas Wohlschl\u00e4ger in voller H\u00f6he \u00fcber den Rechnungsbetrag verf\u00fcgen kann. <\/p>\n\n\n\n<p>Bei Zahlungsverzug erhebt der Computerdienst Andreas Wohlschl\u00e4ger Verzugszinsen in H\u00f6he von 1,25% pro Monat. Skonti sind in der Kalkulation nie vorgesehen, daher berechtigt vorzeitige Zahlung auch nie zum Abzug. Eine R\u00fcckbehaltung des Rechnungsbetrages oder eine Aufrechnung gegen den Rechnungsbetrag wegen erfolgter M\u00e4ngelr\u00fcge oder einer Gegenforderung ist ausgeschlossen, es sei denn, dass Gegenforderungen rechtskr\u00e4ftig festgestellt oder vom Computerdienst Andreas Wohlschl\u00e4ger anerkannt wurden. B<em>is zum vollst\u00e4ndigen Eingang aller offenen Zahlungen verbleibt die Ware in unserem Eigentum.<\/em><\/p>\n\n\n\n<h4 class=\"wp-block-heading\">6. Eigentumsvorbehalt<\/h4>\n\n\n\n<p>Die Ware bleibt bis zur restlosen Bezahlung bzw. bis zur Erf\u00fcllung s\u00e4mtlicher Anspr\u00fcche gegen\u00fcber dem Besteller Eigentum des Computerdienstes Andreas Wohlschl\u00e4ger. Bei Verarbeitung der gelieferten Sachen wird der Computerdienst Andreas Wohlschl\u00e4ger Eigent\u00fcmer auch der neu hergestellten Sachen. Der K\u00e4ufer darf die gelieferten Waren oder die aus ihrer Verarbeitung entstehenden Sachen nur im ordnungsgem\u00e4\u00dfen Gesch\u00e4ftsverkehr weiterver\u00e4u\u00dfern und weiterverwenden. <\/p>\n\n\n\n<p>Die aus der Weiterver\u00e4u\u00dferung, der Weiterverwendung oder aus einem sonstigen Rechtsgrunde entstehenden Forderungen tritt er an uns zur Sicherung ab. Er ist erm\u00e4chtigt, die abgetretenen Forderungen solange einzuziehen, wie er seiner Zahlungspflicht dem Computerdienst Andreas Wohlschl\u00e4ger gegen\u00fcber vertragsgem\u00e4\u00df nachkommt. Etwaige Zugriffe Dritter in die Vorbehaltsware oder in die im voraus abgetretenen Forderungen hat der Besteller unverz\u00fcglich dem Computerdienst Andreas Wohlschl\u00e4ger unter \u00dcbergabe der f\u00fcr eine Intervention notwendigen Unterlagen zu melden. Etwaige Interventionskosten gehen zu Lasten des Bestellers.<\/p>\n\n\n\n<h4 class=\"wp-block-heading\">7. Gew\u00e4hrleistung<\/h4>\n\n\n\n<p>F\u00fcr gelieferte Software erstreckt sich die Gew\u00e4hrleistung nur auf Eigenschaften, die sich aus der Leistungsbeschreibung des schriftlichen Vertrages selbst ergeben. Die Funktionst\u00fcchtigkeit der Software mit anderer Hardware als die beim Kunden getestete oder im Handbuch beschriebene Hardware kann nicht garantiert werden. Jegliche Haftung f\u00fcr Einflu\u00df der gelieferten Software auf Sachen oder Profite des Kunden wird ausdr\u00fccklich ausgeschlossen. F\u00fcr Dienstleistungen haftet der Computerdienst Andreas Wohlschl\u00e4ger nur bei Vorsatz oder grober Fahrl\u00e4ssigkeit f\u00fcr unmittelbar verursachten Sachschaden. Hierbei sind insbesondere mittelbare Sch\u00e4den sowie Sch\u00e4den durch nicht gegebene Brauchbarkeit der vermittelten Informationen ausgeschlossen.<\/p>\n\n\n\n<h4 class=\"wp-block-heading\">8. Haftung bei Datenverlust<\/h4>\n\n\n\n<p>Durch Reparaturma\u00dfnahmen an Kundenger\u00e4ten kann Datenverlust nicht vollst\u00e4ndig ausgeschlossen werden, eine Haftung f\u00fcr Datenverlust wird ausdr\u00fccklich ausgeschlossen. Der Kunde hat eigenverantwortlich vorab f\u00fcr eine funktionst\u00fcchtige und wiederherstellbare Datensicherung zu sorgen. Der Computerdienst wird nur durch Auftrag seitens des Kunden kostenpflichtig eine Sicherung seiner Daten vornehmen, soweit technisch m\u00f6glich.<\/p>\n\n\n\n<h4 class=\"wp-block-heading\">9. Montagearbeiten<\/h4>\n\n\n\n<p>Alle Preise verstehen sich ohne Aufbau, Montage, Installation oder Einweisung, sofern dies nicht ausdr\u00fccklich im Angebot enthalten ist. W\u00fcnscht der Kunde diese Leistungen, erkl\u00e4rt er sich mit der gesonderten Berechnung der unbedingt notwendigen Zusatzleistung sowie mit unseren jeweiligen Stunden und Fahrkostens\u00e4tzen einverstanden. Eine nachtr\u00e4gliche K\u00fcrzung von Montagerechnungen ist nicht zul\u00e4ssig.<\/p>\n\n\n\n<h4 class=\"wp-block-heading\">Abschlie\u00dfende Bedingungen<\/h4>\n\n\n\n<p>Erf\u00fcllungsort ist 04509 L\u00f6bnitz\/Sachsen. Hiervon oder von anderen Bestimmungen abweichende Vereinbarungen bed\u00fcrfen der Schriftform. Gerichtsstand ist 04838 Eilenburg, soweit gesetzlich zul\u00e4ssig.<\/p>\n\n\n\n<p><em>( Stand: 01. Mai. 2010 )<\/em><\/p>\n\n\n\n<p><\/p>\n","protected":false},"excerpt":{"rendered":"<p>Allgemeine Gesch\u00e4ftsbedingungen (AGB) des Computerdienstes Wohlschl\u00e4ger, Bitterfelder Stra\u00dfe 20, 04509 L\u00f6bnitz 1. Allgemeine Bedingungen F\u00fcr Angebote und Lieferungen gelten ausschlie\u00dflich die Gesch\u00e4ftsbedingungen der Firma Computerdienst Andreas Wohlschl\u00e4ger. Der K\u00e4ufer erkennt diese AGBs mit Erteilung seines Auftrages an. In jedem Falle gilt die die Annahme der Leistung als Anerkennung der vorliegenden AGBs, auch wenn der K\u00e4ufer [&hellip;]<\/p>\n","protected":false},"author":1,"featured_media":0,"parent":0,"menu_order":0,"comment_status":"closed","ping_status":"closed","template":"","meta":{"footnotes":""},"class_list":["post-186","page","type-page","status-publish","hentry"],"aioseo_notices":[],"_links":{"self":[{"href":"https:\/\/www.awohl.de\/wordpress\/wp-json\/wp\/v2\/pages\/186","targetHints":{"allow":["GET"]}}],"collection":[{"href":"https:\/\/www.awohl.de\/wordpress\/wp-json\/wp\/v2\/pages"}],"about":[{"href":"https:\/\/www.awohl.de\/wordpress\/wp-json\/wp\/v2\/types\/page"}],"author":[{"embeddable":true,"href":"https:\/\/www.awohl.de\/wordpress\/wp-json\/wp\/v2\/users\/1"}],"replies":[{"embeddable":true,"href":"https:\/\/www.awohl.de\/wordpress\/wp-json\/wp\/v2\/comments?post=186"}],"version-history":[{"count":3,"href":"https:\/\/www.awohl.de\/wordpress\/wp-json\/wp\/v2\/pages\/186\/revisions"}],"predecessor-version":[{"id":268,"href":"https:\/\/www.awohl.de\/wordpress\/wp-json\/wp\/v2\/pages\/186\/revisions\/268"}],"wp:attachment":[{"href":"https:\/\/www.awohl.de\/wordpress\/wp-json\/wp\/v2\/media?parent=186"}],"curies":[{"name":"wp","href":"https:\/\/api.w.org\/{rel}","templated":true}]}}